{"id":2,"date":"2016-03-19T11:03:36","date_gmt":"2016-03-19T11:03:36","guid":{"rendered":"http:\/\/10.1.1.4\/?page_id=2"},"modified":"2021-02-18T18:40:08","modified_gmt":"2021-02-18T15:40:08","slug":"ege-meric-erdogan","status":"publish","type":"page","link":"https:\/\/egemeric.gen.tr\/old\/index.php\/ege-meric-erdogan\/","title":{"rendered":"About Me -hakk\u0131mda-"},"content":{"rendered":"<p><\/p>\n<p><del>Bu site kendi evimde raspberry pi 2 \u00fczerinde \u00e7al\u0131\u015fmaktad\u0131r. adsl ba\u011flant\u0131m oldu\u011fu i\u00e7in upload h\u0131z\u0131m d\u00fc\u015f\u00fck bu y\u00fczden sayfalar ge\u00e7 a\u00e7\u0131labilir yapacak bi\u015feyim yok malesef \ud83d\ude00<\/del><\/p>\n<p><img loading=\"lazy\" decoding=\"async\" class=\"alignright\" src=\"https:\/\/upload.wikimedia.org\/wikipedia\/commons\/thumb\/b\/b4\/Flag_of_Turkey.svg\/1024px-Flag_of_Turkey.svg.png\" alt=\"\" width=\"233\" height=\"155\"><\/p>\n<p><del>isp: turk telekom<\/del><\/p>\n<p><del>\/This site hosted on raspberry pi2(Due to SD card issues on rpi ,this site is hosted on qemu debian 10 )&nbsp;with vdsl2 conection My upload speed is very bad (max:3000kbps) so pages sometimes open slowly.<\/del><\/p>\n<p>Raspberry ve Qemu dan sonra siteyi bir VPS hosta ta\u015f\u0131d\u0131m&nbsp;<\/p>\n<p>Art\u0131k eski zevki yok \ud83d\ude00<\/p>\n<p>After using KVM,I have moved this site to a VPS provider&nbsp;<\/p>\n<p><\/p>\n<p>Ankara\/Turkey<\/p>\n<p><del>(3072kpbs up :p,24384kpbs down) with vdsl<\/del><\/p>\n<p>e-mail: (egemeric99@gmail.com , <span class=\"username\"><del>egemeric@openmailbox.org<\/del>)<\/span><\/p>\n<p>\u2013 2018 Ankara\/Turkey<\/p>\n<p><\/p>\n\n\n<div class=\"wp-block-columns is-layout-flex wp-container-core-columns-is-layout-9d6595d7 wp-block-columns-is-layout-flex\">\n<div class=\"wp-block-column is-layout-flow wp-block-column-is-layout-flow\" style=\"flex-basis:100%\">\n<div class=\"wp-block-columns is-layout-flex wp-container-core-columns-is-layout-9d6595d7 wp-block-columns-is-layout-flex\">\n<div class=\"wp-block-column is-layout-flow wp-block-column-is-layout-flow\" style=\"flex-basis:33.33%\">\n<figure class=\"wp-block-image size-large\"><a href=\"https:\/\/egemeric.gen.tr\/old\/wp-content\/uploads\/2021\/02\/Screenshot-from-2021-02-18-18-38-19.png\"><img loading=\"lazy\" decoding=\"async\" width=\"559\" height=\"992\" src=\"https:\/\/egemeric.gen.tr\/old\/wp-content\/uploads\/2021\/02\/Screenshot-from-2021-02-18-18-38-19.png\" alt=\"\" class=\"wp-image-348\" srcset=\"https:\/\/egemeric.gen.tr\/old\/wp-content\/uploads\/2021\/02\/Screenshot-from-2021-02-18-18-38-19.png 559w, https:\/\/egemeric.gen.tr\/old\/wp-content\/uploads\/2021\/02\/Screenshot-from-2021-02-18-18-38-19-169x300.png 169w\" sizes=\"auto, (max-width: 559px) 100vw, 559px\" \/><\/a><\/figure>\n<\/div>\n\n\n\n<div class=\"wp-block-column is-layout-flow wp-block-column-is-layout-flow\" style=\"flex-basis:66.66%\">\n<figure class=\"wp-block-image size-large is-resized\"><a href=\"https:\/\/egemeric.gen.tr\/old\/wp-content\/uploads\/2020\/12\/Screenshot-from-2020-12-02-00-26-34.png\"><img loading=\"lazy\" decoding=\"async\" src=\"https:\/\/egemeric.gen.tr\/old\/wp-content\/uploads\/2020\/12\/Screenshot-from-2020-12-02-00-26-34.png\" alt=\"\" class=\"wp-image-327\" width=\"236\" height=\"239\" srcset=\"https:\/\/egemeric.gen.tr\/old\/wp-content\/uploads\/2020\/12\/Screenshot-from-2020-12-02-00-26-34.png 962w, https:\/\/egemeric.gen.tr\/old\/wp-content\/uploads\/2020\/12\/Screenshot-from-2020-12-02-00-26-34-296x300.png 296w, https:\/\/egemeric.gen.tr\/old\/wp-content\/uploads\/2020\/12\/Screenshot-from-2020-12-02-00-26-34-768x779.png 768w\" sizes=\"auto, (max-width: 236px) 100vw, 236px\" \/><\/a><\/figure>\n<\/div>\n<\/div>\n<\/div>\n<\/div>\n\n\n\n<a style=\"display:inline-block;background-color:#FC5200;color:#fff;padding:5px 10px 5px 30px;font-size:11px;font-family:Helvetica, Arial, sans-serif;white-space:nowrap;text-decoration:none;background-repeat:no-repeat;background-position:10px center;border-radius:3px;background-image:url('http:\/\/badges.strava.com\/logo-strava-echelon.png')\" href=\"http:\/\/strava.com\/athletes\/55300779\/\" target=\"_clean\" rel=\"noopener noreferrer\">\n  Follow me on\n  <img loading=\"lazy\" decoding=\"async\" src=\"http:\/\/badges.strava.com\/logo-strava.png\" alt=\"Strava\" style=\"margin-left:2px;vertical-align:text-bottom\" width=\"51\" height=\"13\">\n<\/a>\n\n\n\n<hr class=\"wp-block-separator\"\/>\n\n\n\n<p><\/p>\n","protected":false},"excerpt":{"rendered":"<p>Bu site kendi evimde raspberry pi 2 \u00fczerinde \u00e7al\u0131\u015fmaktad\u0131r. adsl ba\u011flant\u0131m oldu\u011fu i\u00e7in upload h\u0131z\u0131m d\u00fc\u015f\u00fck bu y\u00fczden sayfalar ge\u00e7 a\u00e7\u0131labilir yapacak bi\u015feyim yok malesef \ud83d\ude00 isp: turk telekom \/This site hosted on raspberry pi2(Due to SD card issues on rpi ,this site is hosted on qemu debian 10 )&nbsp;with vdsl2 conection My upload speed &hellip; <a href=\"https:\/\/egemeric.gen.tr\/old\/index.php\/ege-meric-erdogan\/\" class=\"more-link\"><span class=\"screen-reader-text\">About Me -hakk\u0131mda-<\/span> yaz\u0131s\u0131na devam et <span class=\"meta-nav\">&rarr;<\/span><\/a><\/p>\n","protected":false},"author":1,"featured_media":0,"parent":0,"menu_order":0,"comment_status":"closed","ping_status":"open","template":"page-templates\/full-width.php","meta":{"footnotes":""},"class_list":["post-2","page","type-page","status-publish","hentry"],"_links":{"self":[{"href":"https:\/\/egemeric.gen.tr\/old\/index.php\/wp-json\/wp\/v2\/pages\/2","targetHints":{"allow":["GET"]}}],"collection":[{"href":"https:\/\/egemeric.gen.tr\/old\/index.php\/wp-json\/wp\/v2\/pages"}],"about":[{"href":"https:\/\/egemeric.gen.tr\/old\/index.php\/wp-json\/wp\/v2\/types\/page"}],"author":[{"embeddable":true,"href":"https:\/\/egemeric.gen.tr\/old\/index.php\/wp-json\/wp\/v2\/users\/1"}],"replies":[{"embeddable":true,"href":"https:\/\/egemeric.gen.tr\/old\/index.php\/wp-json\/wp\/v2\/comments?post=2"}],"version-history":[{"count":45,"href":"https:\/\/egemeric.gen.tr\/old\/index.php\/wp-json\/wp\/v2\/pages\/2\/revisions"}],"predecessor-version":[{"id":349,"href":"https:\/\/egemeric.gen.tr\/old\/index.php\/wp-json\/wp\/v2\/pages\/2\/revisions\/349"}],"wp:attachment":[{"href":"https:\/\/egemeric.gen.tr\/old\/index.php\/wp-json\/wp\/v2\/media?parent=2"}],"curies":[{"name":"wp","href":"https:\/\/api.w.org\/{rel}","templated":true}]}}